{"id":24591,"date":"2019-06-07T09:02:21","date_gmt":"2019-06-07T09:02:21","guid":{"rendered":"http:\/\/endoaula.com\/?product=content-marketing"},"modified":"2024-05-29T14:35:20","modified_gmt":"2024-05-29T13:35:20","slug":"syrem-online","status":"publish","type":"product","link":"https:\/\/cursos.endoaula.com\/?product=syrem-online","title":{"rendered":"SyREM 1"},"content":{"rendered":"<p><strong>El curso que estructura el aprendizaje de la t\u00e9cnica m\u00e1s \u00fatil de la endoscopia terap\u00e9utica de forma inteligente y aplicable.<\/strong><\/p>\n<ul>\n<li>Dominar\u00e1s todos <strong>los conceptos relacionados con el diagn\u00f3stico<\/strong> de lesiones, con especial atenci\u00f3n a la <strong>cromoendoscopia<\/strong> en todo el tracto gastrointestinal (desde el es\u00f3fago hasta el recto).<\/li>\n<li>Conocer\u00e1s en profundidad <strong>las indicaciones<\/strong> bas\u00e1ndolas en la mejor evidencia cient\u00edfica disponible.<\/li>\n<li>Entender\u00e1s <strong>todos los requisitos t\u00e9cnicos<\/strong> a la hora de realizar el procedimiento para que lo puedas aplicar de inmediato en tu pr\u00e1ctica diaria.<\/li>\n<li>Estudiar\u00e1s en profundidad el <strong>instrumental:<\/strong> asas, capuchones, fuentes de diatermia, etc.<\/li>\n<li>Sabr\u00e1s <strong>aplicar las diferentes modalidades <\/strong>de la resecci\u00f3n: resecci\u00f3n underwater, resecci\u00f3n con asa fr\u00eda, resecci\u00f3n h\u00edbrida.<\/li>\n<li>Dominar\u00e1s <strong>los trucos y recursos t\u00e9cnicos <\/strong>que \u201cno se publican\u201d y son fruto de la experiencia de expertos.<\/li>\n<li>Sabr\u00e1s reaccionar y <strong>te sentir\u00e1s seguro <\/strong>ante cualquier complicaci\u00f3n que pueda surgir durante el procedimiento. <strong>Con todas las herramientas para tratar la hemorragia y la perforaci\u00f3n<\/strong>.<\/li>\n<li>Aprender\u00e1s de los <strong>mejores expertos<\/strong> en cada \u00e1rea, ellos <strong>ser\u00e1n tus profesores<\/strong>.<\/li>\n<li>Conseguir\u00e1s un certificado con el aval de la Sociedad Espa\u00f1ola de Endoscopia Digestiva, Asociaci\u00f3n Espa\u00f1ola de Gastroenterolog\u00eda y Asociaci\u00f3n Castellana de Aparato Digestivo.<\/li>\n<\/ul>\n","protected":false},"excerpt":{"rendered":"<p>El curso que estructura el aprendizaje de la t\u00e9cnica m\u00e1s \u00fatil de la endoscopia terap\u00e9utica de forma inteligente y aplicable. Dominar\u00e1s todos los conceptos relacionados con el diagn\u00f3stico de lesiones, con especial atenci\u00f3n a la cromoendoscopia en todo el tracto gastrointestinal (desde el es\u00f3fago hasta el recto). Conocer\u00e1s en profundidad las indicaciones bas\u00e1ndolas en la [&hellip;]<\/p>\n","protected":false},"featured_media":32417,"template":"","meta":[],"product_brand":[],"product_cat":[86,90],"product_tag":[],"class_list":{"0":"post-24591","1":"product","2":"type-product","3":"status-publish","4":"has-post-thumbnail","6":"product_cat-curso","7":"product_cat-syrem1","9":"first","10":"instock","11":"virtual","12":"sold-individually","13":"taxable","14":"purchasable","15":"product-type-simple"},"_links":{"self":[{"href":"https:\/\/cursos.endoaula.com\/index.php?rest_route=\/wp\/v2\/product\/24591","targetHints":{"allow":["GET"]}}],"collection":[{"href":"https:\/\/cursos.endoaula.com\/index.php?rest_route=\/wp\/v2\/product"}],"about":[{"href":"https:\/\/cursos.endoaula.com\/index.php?rest_route=\/wp\/v2\/types\/product"}],"wp:featuredmedia":[{"embeddable":true,"href":"https:\/\/cursos.endoaula.com\/index.php?rest_route=\/wp\/v2\/media\/32417"}],"wp:attachment":[{"href":"https:\/\/cursos.endoaula.com\/index.php?rest_route=%2Fwp%2Fv2%2Fmedia&parent=24591"}],"wp:term":[{"taxonomy":"product_brand","embeddable":true,"href":"https:\/\/cursos.endoaula.com\/index.php?rest_route=%2Fwp%2Fv2%2Fproduct_brand&post=24591"},{"taxonomy":"product_cat","embeddable":true,"href":"https:\/\/cursos.endoaula.com\/index.php?rest_route=%2Fwp%2Fv2%2Fproduct_cat&post=24591"},{"taxonomy":"product_tag","embeddable":true,"href":"https:\/\/cursos.endoaula.com\/index.php?rest_route=%2Fwp%2Fv2%2Fproduct_tag&post=24591"}],"curies":[{"name":"wp","href":"https:\/\/api.w.org\/{rel}","templated":true}]}}